{"id":1517,"date":"2025-02-14T10:22:15","date_gmt":"2025-02-14T08:22:15","guid":{"rendered":"https:\/\/bookmaker-casino9.top\/?page_id=1517"},"modified":"2025-05-21T14:24:01","modified_gmt":"2025-05-21T11:24:01","slug":"esas-s%c9%99hif%c9%99","status":"publish","type":"page","link":"https:\/\/bookmaker-casino9.top\/az\/","title":{"rendered":"\u018fsas s\u0259hif\u0259"},"content":{"rendered":"","protected":false},"excerpt":{"rendered":"","protected":false},"author":1,"featured_media":0,"parent":0,"menu_order":0,"comment_status":"closed","ping_status":"closed","template":"home.php","meta":{"_acf_changed":false,"footnotes":""},"class_list":["post-1517","page","type-page","status-publish","hentry"],"acf":[],"yoast_head":"<!-- This site is optimized with the Yoast SEO plugin v27.0 - https:\/\/yoast.com\/product\/yoast-seo-wordpress\/ -->\n<title>Melbet mobi | Melbet AZ | Kazino Melbet m\u0259rcl\u0259ri<\/title>\n<meta name=\"description\" content=\"Melbet Azerbaycan idman m\u0259rcl\u0259ri v\u0259 kazino oyunlar\u0131 t\u0259klif edir. Melbet apk y\u00fckl\u0259yin v\u0259 bonuslarla oynay\u0131n. \u0130ndi qo\u015fulun!\" \/>\n<meta name=\"robots\" content=\"index, follow, max-snippet:-1, max-image-preview:large, max-video-preview:-1\" \/>\n<link rel=\"canonical\" href=\"https:\/\/bookmaker-casino9.top\/az\/\" \/>\n<meta property=\"og:locale\" content=\"ru_RU\" \/>\n<meta property=\"og:type\" content=\"article\" \/>\n<meta property=\"og:title\" content=\"Melbet mobi | Melbet AZ | Kazino Melbet m\u0259rcl\u0259ri\" \/>\n<meta property=\"og:description\" content=\"Melbet Azerbaycan idman m\u0259rcl\u0259ri v\u0259 kazino oyunlar\u0131 t\u0259klif edir. Melbet apk y\u00fckl\u0259yin v\u0259 bonuslarla oynay\u0131n. \u0130ndi qo\u015fulun!\" \/>\n<meta property=\"og:url\" content=\"https:\/\/bookmaker-casino9.top\/az\/\" \/>\n<meta property=\"og:site_name\" content=\"bookmaker-casino9.top\" \/>\n<meta property=\"article:modified_time\" content=\"2025-05-21T11:24:01+00:00\" \/>\n<meta name=\"twitter:card\" content=\"summary_large_image\" \/>\n<script type=\"application\/ld+json\" class=\"yoast-schema-graph\">{\"@context\":\"https:\/\/schema.org\",\"@graph\":[{\"@type\":\"WebPage\",\"@id\":\"https:\/\/bookmaker-casino9.top\/az\/\",\"url\":\"https:\/\/bookmaker-casino9.top\/az\/\",\"name\":\"Melbet mobi | Melbet AZ | Kazino Melbet m\u0259rcl\u0259ri\",\"isPartOf\":{\"@id\":\"https:\/\/bookmaker-casino9.top\/#website\"},\"datePublished\":\"2025-02-14T08:22:15+00:00\",\"dateModified\":\"2025-05-21T11:24:01+00:00\",\"description\":\"Melbet Azerbaycan idman m\u0259rcl\u0259ri v\u0259 kazino oyunlar\u0131 t\u0259klif edir. Melbet apk y\u00fckl\u0259yin v\u0259 bonuslarla oynay\u0131n. \u0130ndi qo\u015fulun!\",\"breadcrumb\":{\"@id\":\"https:\/\/bookmaker-casino9.top\/az\/#breadcrumb\"},\"inLanguage\":\"ru-RU\",\"potentialAction\":[{\"@type\":\"ReadAction\",\"target\":[\"https:\/\/bookmaker-casino9.top\/az\/\"]}]},{\"@type\":\"BreadcrumbList\",\"@id\":\"https:\/\/bookmaker-casino9.top\/az\/#breadcrumb\",\"itemListElement\":[{\"@type\":\"ListItem\",\"position\":1,\"name\":\"\u0413\u043b\u0430\u0432\u043d\u0430\u044f \u0441\u0442\u0440\u0430\u043d\u0438\u0446\u0430\",\"item\":\"https:\/\/bookmaker-casino9.top\/\"},{\"@type\":\"ListItem\",\"position\":2,\"name\":\"\u018fsas s\u0259hif\u0259\"}]},{\"@type\":\"WebSite\",\"@id\":\"https:\/\/bookmaker-casino9.top\/#website\",\"url\":\"https:\/\/bookmaker-casino9.top\/\",\"name\":\"bookmaker-casino9.top\",\"description\":\"\",\"potentialAction\":[{\"@type\":\"SearchAction\",\"target\":{\"@type\":\"EntryPoint\",\"urlTemplate\":\"https:\/\/bookmaker-casino9.top\/?s={search_term_string}\"},\"query-input\":{\"@type\":\"PropertyValueSpecification\",\"valueRequired\":true,\"valueName\":\"search_term_string\"}}],\"inLanguage\":\"ru-RU\"}]}<\/script>\n<!-- \/ Yoast SEO plugin. -->","yoast_head_json":{"title":"Melbet mobi | Melbet AZ | Kazino Melbet m\u0259rcl\u0259ri","description":"Melbet Azerbaycan idman m\u0259rcl\u0259ri v\u0259 kazino oyunlar\u0131 t\u0259klif edir. Melbet apk y\u00fckl\u0259yin v\u0259 bonuslarla oynay\u0131n. \u0130ndi qo\u015fulun!","robots":{"index":"index","follow":"follow","max-snippet":"max-snippet:-1","max-image-preview":"max-image-preview:large","max-video-preview":"max-video-preview:-1"},"canonical":"https:\/\/bookmaker-casino9.top\/az\/","og_locale":"ru_RU","og_type":"article","og_title":"Melbet mobi | Melbet AZ | Kazino Melbet m\u0259rcl\u0259ri","og_description":"Melbet Azerbaycan idman m\u0259rcl\u0259ri v\u0259 kazino oyunlar\u0131 t\u0259klif edir. Melbet apk y\u00fckl\u0259yin v\u0259 bonuslarla oynay\u0131n. \u0130ndi qo\u015fulun!","og_url":"https:\/\/bookmaker-casino9.top\/az\/","og_site_name":"bookmaker-casino9.top","article_modified_time":"2025-05-21T11:24:01+00:00","twitter_card":"summary_large_image","schema":{"@context":"https:\/\/schema.org","@graph":[{"@type":"WebPage","@id":"https:\/\/bookmaker-casino9.top\/az\/","url":"https:\/\/bookmaker-casino9.top\/az\/","name":"Melbet mobi | Melbet AZ | Kazino Melbet m\u0259rcl\u0259ri","isPartOf":{"@id":"https:\/\/bookmaker-casino9.top\/#website"},"datePublished":"2025-02-14T08:22:15+00:00","dateModified":"2025-05-21T11:24:01+00:00","description":"Melbet Azerbaycan idman m\u0259rcl\u0259ri v\u0259 kazino oyunlar\u0131 t\u0259klif edir. Melbet apk y\u00fckl\u0259yin v\u0259 bonuslarla oynay\u0131n. \u0130ndi qo\u015fulun!","breadcrumb":{"@id":"https:\/\/bookmaker-casino9.top\/az\/#breadcrumb"},"inLanguage":"ru-RU","potentialAction":[{"@type":"ReadAction","target":["https:\/\/bookmaker-casino9.top\/az\/"]}]},{"@type":"BreadcrumbList","@id":"https:\/\/bookmaker-casino9.top\/az\/#breadcrumb","itemListElement":[{"@type":"ListItem","position":1,"name":"\u0413\u043b\u0430\u0432\u043d\u0430\u044f \u0441\u0442\u0440\u0430\u043d\u0438\u0446\u0430","item":"https:\/\/bookmaker-casino9.top\/"},{"@type":"ListItem","position":2,"name":"\u018fsas s\u0259hif\u0259"}]},{"@type":"WebSite","@id":"https:\/\/bookmaker-casino9.top\/#website","url":"https:\/\/bookmaker-casino9.top\/","name":"bookmaker-casino9.top","description":"","potentialAction":[{"@type":"SearchAction","target":{"@type":"EntryPoint","urlTemplate":"https:\/\/bookmaker-casino9.top\/?s={search_term_string}"},"query-input":{"@type":"PropertyValueSpecification","valueRequired":true,"valueName":"search_term_string"}}],"inLanguage":"ru-RU"}]}},"amp_enabled":true,"_links":{"self":[{"href":"https:\/\/bookmaker-casino9.top\/wp-json\/wp\/v2\/pages\/1517","targetHints":{"allow":["GET"]}}],"collection":[{"href":"https:\/\/bookmaker-casino9.top\/wp-json\/wp\/v2\/pages"}],"about":[{"href":"https:\/\/bookmaker-casino9.top\/wp-json\/wp\/v2\/types\/page"}],"author":[{"embeddable":true,"href":"https:\/\/bookmaker-casino9.top\/wp-json\/wp\/v2\/users\/1"}],"replies":[{"embeddable":true,"href":"https:\/\/bookmaker-casino9.top\/wp-json\/wp\/v2\/comments?post=1517"}],"version-history":[{"count":5,"href":"https:\/\/bookmaker-casino9.top\/wp-json\/wp\/v2\/pages\/1517\/revisions"}],"predecessor-version":[{"id":1562,"href":"https:\/\/bookmaker-casino9.top\/wp-json\/wp\/v2\/pages\/1517\/revisions\/1562"}],"wp:attachment":[{"href":"https:\/\/bookmaker-casino9.top\/wp-json\/wp\/v2\/media?parent=1517"}],"curies":[{"name":"wp","href":"https:\/\/api.w.org\/{rel}","templated":true}]}}